{"id":7962,"date":"2021-07-19T10:07:26","date_gmt":"2021-07-19T10:07:26","guid":{"rendered":"https:\/\/bcepharma.com\/?page_id=7962"},"modified":"2021-07-19T10:36:18","modified_gmt":"2021-07-19T10:36:18","slug":"tutorielcustomer-education","status":"publish","type":"page","link":"https:\/\/quess360.com\/en\/tutorielcustomer-education\/","title":{"rendered":"Tutoriel:Customer Education"},"content":{"rendered":"<section class=\"l-section wpb_row pageHeader height_small\"><div class=\"l-section-h i-cf\"><div class=\"g-cols vc_row via_flex valign_top type_default stacking_default\"><div class=\"vc_col-sm-2 wpb_column vc_column_container\"><div class=\"vc_column-inner\"><div class=\"wpb_wrapper\"><\/div><\/div><\/div><div class=\"vc_col-sm-10 wpb_column vc_column_container\"><div class=\"vc_column-inner\"><div class=\"wpb_wrapper\"><div class=\"wpb_text_column us_custom_3784f770\"><div class=\"wpb_wrapper\"><p><span style=\"font-size: 24px;\">Tutoriel:Customer Education<\/span><\/p>\n<\/div><\/div><\/div><\/div><\/div><\/div><\/div><\/section><section class=\"l-section wpb_row height_medium\"><div class=\"l-section-h i-cf\"><div class=\"g-cols vc_row via_flex valign_top type_default stacking_default\"><div class=\"vc_col-sm-12 wpb_column vc_column_container\"><div class=\"vc_column-inner\"><div class=\"wpb_wrapper\"><div class=\"w-tabs style_default switch_click accordion has_scrolling\" style=\"--sections-title-size:inherit\"><div class=\"w-tabs-sections titles-align_none icon_none\"><div class=\"w-tabs-section active\" id=\"m22a\"><button class=\"w-tabs-section-header active\" aria-controls=\"content-m22a\" aria-expanded=\"true\"><div class=\"w-tabs-section-title\">Trainer &amp; Evaluator<\/div><div class=\"w-tabs-section-control\"><\/div><\/button><div  class=\"w-tabs-section-content\" id=\"content-m22a\"><div class=\"w-tabs-section-content-h i-cf\"><div class=\"wpb_text_column\"><div class=\"wpb_wrapper\"><p><a href=\"https:\/\/bcepharma.com\/tutoriel-steps\/\"><i class=\"fas fa-play\">iPad: New Update QUESS-App<\/i><\/a><\/p>\n<\/div><\/div><\/div><\/div><\/div><\/div><\/div><\/div><\/div><\/div><div class=\"vc_col-sm-12 wpb_column vc_column_container\"><div class=\"vc_column-inner\"><div class=\"wpb_wrapper\"><\/div><\/div><\/div><div class=\"vc_col-sm-12 wpb_column vc_column_container\"><div class=\"vc_column-inner\"><div class=\"wpb_wrapper\"><\/div><\/div><\/div><\/div><\/div><\/section>\n","protected":false},"excerpt":{"rendered":"Tutoriel:Customer Education Trainer &amp; EvaluatoriPad: New Update QUESS-App","protected":false},"author":10,"featured_media":0,"parent":0,"menu_order":0,"comment_status":"closed","ping_status":"closed","template":"","meta":{"_seopress_robots_primary_cat":"","_seopress_titles_title":"T\u00e9moignages de clients BCE Pharma","_seopress_titles_desc":"D\u00e9couvrez les t\u00e9moignages de ceux qui ont fait appel aux services de BCE Pharma pour se former aux pr\u00e9parations st\u00e9riles de m\u00e9dicaments dangereux et non dangereux.","_seopress_robots_index":"","footnotes":""},"class_list":["post-7962","page","type-page","status-publish","hentry"],"_links":{"self":[{"href":"https:\/\/quess360.com\/en\/wp-json\/wp\/v2\/pages\/7962","targetHints":{"allow":["GET"]}}],"collection":[{"href":"https:\/\/quess360.com\/en\/wp-json\/wp\/v2\/pages"}],"about":[{"href":"https:\/\/quess360.com\/en\/wp-json\/wp\/v2\/types\/page"}],"author":[{"embeddable":true,"href":"https:\/\/quess360.com\/en\/wp-json\/wp\/v2\/users\/10"}],"replies":[{"embeddable":true,"href":"https:\/\/quess360.com\/en\/wp-json\/wp\/v2\/comments?post=7962"}],"version-history":[{"count":6,"href":"https:\/\/quess360.com\/en\/wp-json\/wp\/v2\/pages\/7962\/revisions"}],"predecessor-version":[{"id":7970,"href":"https:\/\/quess360.com\/en\/wp-json\/wp\/v2\/pages\/7962\/revisions\/7970"}],"wp:attachment":[{"href":"https:\/\/quess360.com\/en\/wp-json\/wp\/v2\/media?parent=7962"}],"curies":[{"name":"wp","href":"https:\/\/api.w.org\/{rel}","templated":true}]}}