{"id":7951,"date":"2021-07-19T08:10:45","date_gmt":"2021-07-19T08:10:45","guid":{"rendered":"https:\/\/bcepharma.com\/?page_id=7951"},"modified":"2021-07-28T16:38:30","modified_gmt":"2021-07-28T16:38:30","slug":"tutoriel-steps","status":"publish","type":"page","link":"https:\/\/quess360.com\/en\/tutoriel-steps\/","title":{"rendered":"Tutoriel:Customer Education steps"},"content":{"rendered":"<section class=\"l-section wpb_row pageHeader height_small\"><div class=\"l-section-h i-cf\"><div class=\"g-cols vc_row via_flex valign_top type_default stacking_default\"><div class=\"vc_col-sm-2 wpb_column vc_column_container\"><div class=\"vc_column-inner\"><div class=\"wpb_wrapper\"><\/div><\/div><\/div><div class=\"vc_col-sm-10 wpb_column vc_column_container\"><div class=\"vc_column-inner\"><div class=\"wpb_wrapper\"><\/div><\/div><\/div><\/div><\/div><\/section><section class=\"l-section wpb_row height_medium\"><div class=\"l-section-h i-cf\"><div class=\"g-cols vc_row via_flex valign_top type_default stacking_default\"><div class=\"vc_col-sm-12 wpb_column vc_column_container\"><div class=\"vc_column-inner\"><div class=\"wpb_wrapper\"><div class=\"w-image align_center\"><div class=\"w-image-h\"><img decoding=\"async\" width=\"1200\" height=\"600\" src=\"https:\/\/quess360.com\/wp-content\/uploads\/2021\/07\/banner-1200x600px.png\" class=\"attachment-full size-full\" alt=\"Image Quess\" loading=\"lazy\" srcset=\"https:\/\/quess360.com\/wp-content\/uploads\/2021\/07\/banner-1200x600px.png 1200w, https:\/\/quess360.com\/wp-content\/uploads\/2021\/07\/banner-1200x600px-600x300.png 600w, https:\/\/quess360.com\/wp-content\/uploads\/2021\/07\/banner-1200x600px-300x150.png 300w, https:\/\/quess360.com\/wp-content\/uploads\/2021\/07\/banner-1200x600px-1024x512.png 1024w, https:\/\/quess360.com\/wp-content\/uploads\/2021\/07\/banner-1200x600px-120x60.png 120w\" sizes=\"auto, (max-width: 1200px) 100vw, 1200px\" \/><\/div><\/div><\/div><\/div><\/div><\/div><\/div><\/section><section class=\"l-section wpb_row height_medium\"><div class=\"l-section-h i-cf\"><div class=\"g-cols vc_row via_flex valign_top type_default stacking_default\"><div class=\"vc_col-sm-12 wpb_column vc_column_container\"><div class=\"vc_column-inner\"><div class=\"wpb_wrapper\"><div class=\"wpb_text_column\"><div class=\"wpb_wrapper\"><p style=\"text-align: center;\"><span style=\"font-size: 28px; color: #0093cb; font-family: georgia, palatino, serif;\"><strong>Before Updating \u00a0your Quess application on iPad<\/strong><\/span><\/p>\n<\/div><\/div><div class=\"w-image align_center\"><div class=\"w-image-h\"><img decoding=\"async\" width=\"616\" height=\"12\" src=\"https:\/\/quess360.com\/wp-content\/uploads\/2021\/07\/line.png\" class=\"attachment-large size-large\" alt=\"\" loading=\"lazy\" srcset=\"https:\/\/quess360.com\/wp-content\/uploads\/2021\/07\/line.png 616w, https:\/\/quess360.com\/wp-content\/uploads\/2021\/07\/line-600x12.png 600w, https:\/\/quess360.com\/wp-content\/uploads\/2021\/07\/line-300x6.png 300w, https:\/\/quess360.com\/wp-content\/uploads\/2021\/07\/line-120x2.png 120w\" sizes=\"auto, (max-width: 616px) 100vw, 616px\" \/><\/div><\/div><div class=\"wpb_text_column\"><div class=\"wpb_wrapper\"><p style=\"text-align: center;\"><strong><span style=\"font-size: 14px;\">Verify that all practical training and assessment segments have been synchronized before proceeding with <\/span><\/strong><\/p>\n<p style=\"text-align: center;\"><strong><span style=\"font-size: 14px;\">the\u00a0 <\/span><span style=\"font-size: 14px;\">update. Failing to perform a synchronization results in the loss of your data when updating QUESS-APP.<\/span><\/strong><\/p>\n<\/div><\/div><\/div><\/div><\/div><\/div><\/div><\/section><section class=\"l-section wpb_row height_medium\"><div class=\"l-section-h i-cf\"><div class=\"g-cols vc_row via_flex valign_top type_default stacking_default\"><div class=\"vc_col-sm-6 wpb_column vc_column_container\"><div class=\"vc_column-inner\"><div class=\"wpb_wrapper\"><div class=\"w-image us_custom_57cf5a47 has_height align_right\"><div class=\"w-image-h\"><img decoding=\"async\" width=\"427\" height=\"300\" src=\"https:\/\/quess360.com\/wp-content\/uploads\/2021\/07\/i-pad-horizontal-426716x300px.png\" class=\"attachment-large size-large\" alt=\"tablette-quess\" loading=\"lazy\" srcset=\"https:\/\/quess360.com\/wp-content\/uploads\/2021\/07\/i-pad-horizontal-426716x300px.png 427w, https:\/\/quess360.com\/wp-content\/uploads\/2021\/07\/i-pad-horizontal-426716x300px-300x211.png 300w, https:\/\/quess360.com\/wp-content\/uploads\/2021\/07\/i-pad-horizontal-426716x300px-120x84.png 120w\" sizes=\"auto, (max-width: 427px) 100vw, 427px\" \/><\/div><\/div><\/div><\/div><\/div><div class=\"vc_col-sm-6 wpb_column vc_column_container\"><div class=\"vc_column-inner\"><div class=\"wpb_wrapper\"><div class=\"g-cols wpb_row via_flex valign_top type_default stacking_default\"><div class=\"vc_col-sm-6 wpb_column vc_column_container\"><div class=\"vc_column-inner us_custom_845bcc29\"><div class=\"wpb_wrapper\"><div class=\"wpb_text_column\"><div class=\"wpb_wrapper\"><\/div><\/div><div class=\"w-image align_none\"><div class=\"w-image-h\"><img decoding=\"async\" width=\"396\" height=\"61\" src=\"https:\/\/quess360.com\/wp-content\/uploads\/2021\/07\/ETAPE-1.png\" class=\"attachment-large size-large\" alt=\"et1\" loading=\"lazy\" srcset=\"https:\/\/quess360.com\/wp-content\/uploads\/2021\/07\/ETAPE-1.png 396w, https:\/\/quess360.com\/wp-content\/uploads\/2021\/07\/ETAPE-1-300x46.png 300w, https:\/\/quess360.com\/wp-content\/uploads\/2021\/07\/ETAPE-1-120x18.png 120w\" sizes=\"auto, (max-width: 396px) 100vw, 396px\" \/><\/div><\/div><div class=\"wpb_text_column\"><div class=\"wpb_wrapper\"><p>&nbsp;<\/p>\n<\/div><\/div><div class=\"wpb_text_column\"><div class=\"wpb_wrapper\"><p>&nbsp;<\/p>\n<p>&nbsp;<\/p>\n<p>&nbsp;<\/p>\n<p>&nbsp;<\/p>\n<p>&nbsp;<\/p>\n<\/div><\/div><div class=\"w-image align_none\"><div class=\"w-image-h\"><img decoding=\"async\" width=\"396\" height=\"61\" src=\"https:\/\/quess360.com\/wp-content\/uploads\/2021\/07\/Etape-2.png\" class=\"attachment-large size-large\" alt=\"et2\" loading=\"lazy\" srcset=\"https:\/\/quess360.com\/wp-content\/uploads\/2021\/07\/Etape-2.png 396w, https:\/\/quess360.com\/wp-content\/uploads\/2021\/07\/Etape-2-300x46.png 300w, https:\/\/quess360.com\/wp-content\/uploads\/2021\/07\/Etape-2-120x18.png 120w\" sizes=\"auto, (max-width: 396px) 100vw, 396px\" \/><\/div><\/div><div class=\"wpb_text_column\"><div class=\"wpb_wrapper\"><p style=\"text-align: left;\"><i class=\"fas fa-play\"><em><span style=\"color: #999999;\">If the list is empty, it is safe to update your<\/span><\/em><\/i><\/p>\n<p style=\"text-align: left;\"><em><span style=\"color: #999999;\">QUESS-APP<\/span><\/em><\/p>\n<\/div><\/div><\/div><\/div><\/div><div class=\"vc_col-sm-6 wpb_column vc_column_container\"><div class=\"vc_column-inner\"><div class=\"wpb_wrapper\"><div class=\"wpb_text_column\"><div class=\"wpb_wrapper\"><p>&nbsp;<\/p>\n<p>&nbsp;<\/p>\n<\/div><\/div><div class=\"w-image align_none\"><div class=\"w-image-h\"><img decoding=\"async\" width=\"41\" height=\"170\" src=\"https:\/\/quess360.com\/wp-content\/uploads\/2021\/07\/image.png\" class=\"attachment-large size-large\" alt=\"curimg\" loading=\"lazy\" srcset=\"https:\/\/quess360.com\/wp-content\/uploads\/2021\/07\/image.png 41w, https:\/\/quess360.com\/wp-content\/uploads\/2021\/07\/image-29x120.png 29w\" sizes=\"auto, (max-width: 41px) 100vw, 41px\" \/><\/div><\/div><\/div><\/div><\/div><\/div><\/div><\/div><\/div><div class=\"vc_col-sm-12 wpb_column vc_column_container\"><div class=\"vc_column-inner\"><div class=\"wpb_wrapper\"><div class=\"g-cols wpb_row via_flex valign_top type_default stacking_default\"><div class=\"vc_col-sm-12 wpb_column vc_column_container\"><div class=\"vc_column-inner\"><div class=\"wpb_wrapper\"><div class=\"wpb_text_column\"><div class=\"wpb_wrapper\"><p>&nbsp;<\/p>\n<p>&nbsp;<\/p>\n<\/div><\/div><div class=\"w-image align_center\"><div class=\"w-image-h\"><img decoding=\"async\" width=\"905\" height=\"61\" src=\"https:\/\/quess360.com\/wp-content\/uploads\/2021\/07\/ETAPE-3.png\" class=\"attachment-large size-large\" alt=\"et3\" loading=\"lazy\" srcset=\"https:\/\/quess360.com\/wp-content\/uploads\/2021\/07\/ETAPE-3.png 905w, https:\/\/quess360.com\/wp-content\/uploads\/2021\/07\/ETAPE-3-600x40.png 600w, https:\/\/quess360.com\/wp-content\/uploads\/2021\/07\/ETAPE-3-300x20.png 300w, https:\/\/quess360.com\/wp-content\/uploads\/2021\/07\/ETAPE-3-120x8.png 120w\" sizes=\"auto, (max-width: 905px) 100vw, 905px\" \/><\/div><\/div><\/div><\/div><\/div><\/div><\/div><\/div><\/div><\/div><\/div><\/section><section class=\"l-section wpb_row height_medium\"><div class=\"l-section-h i-cf\"><div class=\"g-cols vc_row via_flex valign_top type_default stacking_default\"><div class=\"vc_col-sm-6 wpb_column vc_column_container\"><div class=\"vc_column-inner\"><div class=\"wpb_wrapper\"><div class=\"wpb_text_column\"><div class=\"wpb_wrapper\"><p><i class=\"fas fa-play\"><em><span style=\"font-size: 16px;\"><span style=\"color: #999999;\">Return to step 1 to verify that the<\/span> <span style=\"color: #0093cb;\">&#8220;Data to be<\/span><\/span><\/em><\/i><\/p>\n<p><em><span style=\"font-size: 16px;\"><span style=\"color: #0093cb;\">transferred&#8221;<\/span> <span style=\"color: #999999;\">list is empty.<\/span><\/span><\/em><\/p>\n<p><i class=\"fas fa-play\"><em><span style=\"font-size: 16px;\"><span style=\"color: #999999;\">If you encounter an error when synchronizing<\/span><\/span><\/em><\/i><\/p>\n<p><em><span style=\"font-size: 16px;\"><span style=\"color: #999999;\">the data, please, email a screenshot of the &#8220;Data<\/span><\/span><\/em><\/p>\n<p><em><span style=\"font-size: 16px;\"><span style=\"color: #999999;\">to be transferred&#8221; window to:<\/span><\/span><\/em><\/p>\n<\/div><\/div><div class=\"w-btn-wrapper align_none\"><a class=\"w-btn us-btn-style_2 us_custom_da446d9c has_text_color\" href=\"mailto:support@bcepharma.com\"><span class=\"w-btn-label\">support@bcepharma.com<\/span><\/a><\/div><\/div><\/div><\/div><div class=\"vc_col-sm-6 wpb_column vc_column_container\"><div class=\"vc_column-inner\"><div class=\"wpb_wrapper\"><div class=\"w-image align_none\"><div class=\"w-image-h\"><img decoding=\"async\" width=\"489\" height=\"259\" src=\"https:\/\/quess360.com\/wp-content\/uploads\/2021\/07\/data-to-be-transferred.png\" class=\"attachment-large size-large\" alt=\"\" loading=\"lazy\" srcset=\"https:\/\/quess360.com\/wp-content\/uploads\/2021\/07\/data-to-be-transferred.png 489w, https:\/\/quess360.com\/wp-content\/uploads\/2021\/07\/data-to-be-transferred-300x159.png 300w, https:\/\/quess360.com\/wp-content\/uploads\/2021\/07\/data-to-be-transferred-120x64.png 120w\" sizes=\"auto, (max-width: 489px) 100vw, 489px\" \/><\/div><\/div><\/div><\/div><\/div><\/div><\/div><\/section><section class=\"l-section wpb_row height_medium\"><div class=\"l-section-h i-cf\"><div class=\"g-cols vc_row via_flex valign_top type_default stacking_default\"><div class=\"vc_col-sm-12 wpb_column vc_column_container\"><div class=\"vc_column-inner\"><div class=\"wpb_wrapper\"><div class=\"wpb_text_column\"><div class=\"wpb_wrapper\"><pre style=\"text-align: center;\"><span style=\"font-size: 32px; color: #0093cb;\"><strong>How to update <\/strong><\/span><span style=\"font-size: 32px; color: #999999;\"><strong>your QUESS-APP?<\/strong><\/span><\/pre>\n<\/div><\/div><\/div><\/div><\/div><\/div><\/div><\/section><section class=\"l-section wpb_row height_medium\"><div class=\"l-section-h i-cf\"><div class=\"g-cols vc_row via_flex valign_top type_default stacking_default\"><div class=\"vc_col-sm-6 wpb_column vc_column_container\"><div class=\"vc_column-inner\"><div class=\"wpb_wrapper\"><div class=\"wpb_text_column\"><div class=\"wpb_wrapper\"><p><strong>Delete QUESS-APP from the iPad.<\/strong> <img loading=\"lazy\" decoding=\"async\" class=\"alignnone wp-image-8058\" src=\"https:\/\/bcepharma.com\/wp-content\/uploads\/2021\/07\/QUESS-APP-63x63-px.png\" alt=\"\" width=\"42\" height=\"42\" \/><\/p>\n<p>&nbsp;<\/p>\n<p><i class=\"fas fa-play\"><span style=\"color: #999999;\">Tap and hold QUESS-APP icon.<\/span><\/i><\/p>\n<p><i class=\"fas fa-play\"><span style=\"color: #999999;\">Select <span style=\"color: #0093cb;\">&#8220;Remove App&#8221;<\/span>.<\/span><\/i><\/p>\n<\/div><\/div><div class=\"wpb_text_column\"><div class=\"wpb_wrapper\"><p>&nbsp;<\/p>\n<p>&nbsp;<\/p>\n<\/div><\/div><div class=\"wpb_text_column\"><div class=\"wpb_wrapper\"><p><strong>Open &#8220;App Store&#8221; application.\u00a0<\/strong> <img loading=\"lazy\" decoding=\"async\" class=\"alignnone wp-image-8056\" src=\"https:\/\/bcepharma.com\/wp-content\/uploads\/2021\/07\/AppStore-58x58px.png\" alt=\"\" width=\"42\" height=\"42\" \/><\/p>\n<\/div><\/div><\/div><\/div><\/div><div class=\"vc_col-sm-6 wpb_column vc_column_container\"><div class=\"vc_column-inner\"><div class=\"wpb_wrapper\"><div class=\"w-image align_none\"><div class=\"w-image-h\"><img decoding=\"async\" width=\"370\" height=\"260\" src=\"https:\/\/quess360.com\/wp-content\/uploads\/2021\/07\/I-pad-hoaw-to-update-369.82x260px.png\" class=\"attachment-large size-large\" alt=\"\" loading=\"lazy\" srcset=\"https:\/\/quess360.com\/wp-content\/uploads\/2021\/07\/I-pad-hoaw-to-update-369.82x260px.png 370w, https:\/\/quess360.com\/wp-content\/uploads\/2021\/07\/I-pad-hoaw-to-update-369.82x260px-300x211.png 300w, https:\/\/quess360.com\/wp-content\/uploads\/2021\/07\/I-pad-hoaw-to-update-369.82x260px-120x84.png 120w\" sizes=\"auto, (max-width: 370px) 100vw, 370px\" \/><\/div><\/div><\/div><\/div><\/div><\/div><\/div><\/section><section class=\"l-section wpb_row height_medium\"><div class=\"l-section-h i-cf\"><div class=\"g-cols vc_row via_flex valign_top type_default stacking_default\"><div class=\"vc_col-sm-12 wpb_column vc_column_container\"><div class=\"vc_column-inner\"><div class=\"wpb_wrapper\"><div class=\"w-image align_center\"><div class=\"w-image-h\"><img decoding=\"async\" width=\"910\" height=\"354\" src=\"https:\/\/quess360.com\/wp-content\/uploads\/2021\/07\/BCE-QUESS-EDUCATION-e1629727408372.png\" class=\"attachment-full size-full\" alt=\"\" loading=\"lazy\" srcset=\"https:\/\/quess360.com\/wp-content\/uploads\/2021\/07\/BCE-QUESS-EDUCATION-e1629727408372.png 910w, https:\/\/quess360.com\/wp-content\/uploads\/2021\/07\/BCE-QUESS-EDUCATION-e1629727408372-600x233.png 600w\" sizes=\"auto, (max-width: 910px) 100vw, 910px\" \/><\/div><\/div><\/div><\/div><\/div><\/div><\/div><\/section><section class=\"l-section wpb_row height_medium\"><div class=\"l-section-h i-cf\"><div class=\"g-cols vc_row via_flex valign_top type_default stacking_default\"><div class=\"vc_col-sm-4 wpb_column vc_column_container\"><div class=\"vc_column-inner\"><div class=\"wpb_wrapper\"><div class=\"w-image align_none\"><div class=\"w-image-h\"><img decoding=\"async\" width=\"216\" height=\"189\" src=\"https:\/\/quess360.com\/wp-content\/uploads\/2021\/07\/Capture-d\u2019\u00e9cran-2021-07-26-123222.png\" class=\"attachment-large size-large\" alt=\"\" loading=\"lazy\" srcset=\"https:\/\/quess360.com\/wp-content\/uploads\/2021\/07\/Capture-d\u2019\u00e9cran-2021-07-26-123222.png 216w, https:\/\/quess360.com\/wp-content\/uploads\/2021\/07\/Capture-d\u2019\u00e9cran-2021-07-26-123222-120x105.png 120w\" sizes=\"auto, (max-width: 216px) 100vw, 216px\" \/><\/div><\/div><\/div><\/div><\/div><div class=\"vc_col-sm-4 wpb_column vc_column_container\"><div class=\"vc_column-inner\"><div class=\"wpb_wrapper\"><div class=\"w-image align_none\"><div class=\"w-image-h\"><img decoding=\"async\" width=\"261\" height=\"187\" src=\"https:\/\/quess360.com\/wp-content\/uploads\/2021\/07\/Capture-d\u2019\u00e9cran-2021-07-26-123253-1.png\" class=\"attachment-large size-large\" alt=\"\" loading=\"lazy\" srcset=\"https:\/\/quess360.com\/wp-content\/uploads\/2021\/07\/Capture-d\u2019\u00e9cran-2021-07-26-123253-1.png 261w, https:\/\/quess360.com\/wp-content\/uploads\/2021\/07\/Capture-d\u2019\u00e9cran-2021-07-26-123253-1-120x86.png 120w\" sizes=\"auto, (max-width: 261px) 100vw, 261px\" \/><\/div><\/div><\/div><\/div><\/div><div class=\"vc_col-sm-4 wpb_column vc_column_container\"><div class=\"vc_column-inner\"><div class=\"wpb_wrapper\"><div class=\"w-image align_none\"><div class=\"w-image-h\"><img decoding=\"async\" width=\"259\" height=\"189\" src=\"https:\/\/quess360.com\/wp-content\/uploads\/2021\/07\/Capture-d\u2019\u00e9cran-2021-07-26-123523.png\" class=\"attachment-large size-large\" alt=\"\" loading=\"lazy\" srcset=\"https:\/\/quess360.com\/wp-content\/uploads\/2021\/07\/Capture-d\u2019\u00e9cran-2021-07-26-123523.png 259w, https:\/\/quess360.com\/wp-content\/uploads\/2021\/07\/Capture-d\u2019\u00e9cran-2021-07-26-123523-120x88.png 120w\" sizes=\"auto, (max-width: 259px) 100vw, 259px\" \/><\/div><\/div><\/div><\/div><\/div><\/div><\/div><\/section>\n","protected":false},"excerpt":{"rendered":"Before Updating \u00a0your Quess application on iPad Verify that all practical training and assessment segments have been synchronized before proceeding with the\u00a0 update. Failing to perform a synchronization results in the loss of your data when updating QUESS-APP. &nbsp; &nbsp; &nbsp; &nbsp; &nbsp; &nbsp; If the list is empty, it is safe to update your...","protected":false},"author":10,"featured_media":0,"parent":0,"menu_order":0,"comment_status":"closed","ping_status":"closed","template":"","meta":{"_seopress_robots_primary_cat":"","_seopress_titles_title":"T\u00e9moignages de clients BCE Pharma","_seopress_titles_desc":"D\u00e9couvrez les t\u00e9moignages de ceux qui ont fait appel aux services de BCE Pharma pour se former aux pr\u00e9parations st\u00e9riles de m\u00e9dicaments dangereux et non dangereux.","_seopress_robots_index":"","footnotes":""},"class_list":["post-7951","page","type-page","status-publish","hentry"],"_links":{"self":[{"href":"https:\/\/quess360.com\/en\/wp-json\/wp\/v2\/pages\/7951","targetHints":{"allow":["GET"]}}],"collection":[{"href":"https:\/\/quess360.com\/en\/wp-json\/wp\/v2\/pages"}],"about":[{"href":"https:\/\/quess360.com\/en\/wp-json\/wp\/v2\/types\/page"}],"author":[{"embeddable":true,"href":"https:\/\/quess360.com\/en\/wp-json\/wp\/v2\/users\/10"}],"replies":[{"embeddable":true,"href":"https:\/\/quess360.com\/en\/wp-json\/wp\/v2\/comments?post=7951"}],"version-history":[{"count":145,"href":"https:\/\/quess360.com\/en\/wp-json\/wp\/v2\/pages\/7951\/revisions"}],"predecessor-version":[{"id":8140,"href":"https:\/\/quess360.com\/en\/wp-json\/wp\/v2\/pages\/7951\/revisions\/8140"}],"wp:attachment":[{"href":"https:\/\/quess360.com\/en\/wp-json\/wp\/v2\/media?parent=7951"}],"curies":[{"name":"wp","href":"https:\/\/api.w.org\/{rel}","templated":true}]}}